{"id":1718,"date":"2024-10-18T10:59:39","date_gmt":"2024-10-18T10:59:39","guid":{"rendered":"https:\/\/pethway.com\/blog\/home\/"},"modified":"2025-06-17T14:54:51","modified_gmt":"2025-06-17T11:54:51","slug":"home","status":"publish","type":"page","link":"https:\/\/pethway.com\/blog\/","title":{"rendered":"Home"},"content":{"rendered":"\n<div class=\"wp-block-uagb-container uagb-block-5cf86628 alignfull uagb-is-root-container\">\n<div class=\"wp-block-uagb-image uagb-block-4141aeaa wp-block-uagb-image--layout-default wp-block-uagb-image--effect-static wp-block-uagb-image--align-none\"><figure class=\"wp-block-uagb-image__figure\"><img decoding=\"async\" srcset=\"https:\/\/pethway.com\/blog\/wp-content\/uploads\/2024\/10\/pethway-blog-banner-scaled.jpg ,https:\/\/pethway.com\/blog\/wp-content\/uploads\/2024\/10\/pethway-blog-banner-scaled.jpg 780w, https:\/\/pethway.com\/blog\/wp-content\/uploads\/2024\/10\/pethway-blog-banner-scaled.jpg 360w\" sizes=\"auto, (max-width: 480px) 150px\" src=\"https:\/\/pethway.com\/blog\/wp-content\/uploads\/2024\/10\/pethway-blog-banner-scaled.jpg\" alt=\"yedi-tane-k\u00f6pek-ayn\u0131-anda-kameraya-bak\u0131yor\" class=\"uag-image-2452\" width=\"2560\" height=\"667\" title=\"pethway-blog-banner\" loading=\"lazy\" role=\"img\"\/><\/figure><\/div>\n<\/div>\n\n\n\n<div class=\"wp-block-uagb-container uagb-layout-grid uagb-block-844a9ebd alignfull uagb-is-root-container\"><div class=\"uagb-container-inner-blocks-wrap\">\n<div class=\"wp-block-uagb-image alignleft uagb-block-01634cf5 wp-block-uagb-image--layout-default wp-block-uagb-image--effect-static wp-block-uagb-image--align-left\"><figure class=\"wp-block-uagb-image__figure\"><img decoding=\"async\" srcset=\"https:\/\/pethway.com\/blog\/wp-content\/uploads\/2024\/10\/pethway-blog-fotograf-761x1024.jpg ,https:\/\/pethway.com\/blog\/wp-content\/uploads\/2024\/10\/pethway-blog-fotograf.jpg 780w, https:\/\/pethway.com\/blog\/wp-content\/uploads\/2024\/10\/pethway-blog-fotograf.jpg 360w\" sizes=\"auto, (max-width: 480px) 150px\" src=\"https:\/\/pethway.com\/blog\/wp-content\/uploads\/2024\/10\/pethway-blog-fotograf-761x1024.jpg\" alt=\"evcil hayvanlar hakk\u0131nda blog\" class=\"uag-image-2463\" width=\"550\" height=\"740\" title=\"pethway-blog-fotog\u0306raf\" loading=\"lazy\" role=\"img\"\/><\/figure><\/div>\n\n\n\n<div class=\"wp-block-uagb-container uagb-layout-grid uagb-block-e48f4732\">\n<div class=\"wp-block-uagb-info-box uagb-block-8912dc97 uagb-infobox__content-wrap  uagb-infobox-icon-above-title uagb-infobox-image-valign-top wp-block-uagb-info-box--has-margin\"><div class=\"uagb-infobox-margin-wrapper\"><div class=\"uagb-ifb-content\"><div class=\"uagb-ifb-title-wrap\"><h2 class=\"uagb-ifb-title\">Evcil hayvanlar hakk\u0131nda konu\u015fmay\u0131 \u00e7ok seviyoruz.<\/h2><\/div><p class=\"uagb-ifb-desc\">Hikayemiz, birlikte ya\u015fad\u0131\u011f\u0131m\u0131z evcil dostlar\u0131m\u0131z\u0131n ihtiya\u00e7lar\u0131 i\u00e7in her zaman en iyi ve en g\u00fcvenilir \u00e7\u00f6z\u00fcmleri bulmaya \u00e7al\u0131\u015fmam\u0131zla ba\u015flad\u0131. Do\u011fru beslenme y\u00f6ntemi, uygun oyuncaklar, geli\u015fimine katk\u0131 sa\u011flayan oyunlar, do\u011fru ileti\u015fim, sosyalle\u015fme, do\u011fru bak\u0131m uygulamalar\u0131 ve daha pek \u00e7ok konuda uzun y\u0131llard\u0131r aray\u0131\u015flar\u0131m\u0131z devam ediyor. Bizim ve evcil dostlar\u0131m\u0131z\u0131n ihtiya\u00e7lar\u0131na y\u00f6nelik ke\u015ffetti\u011fimiz deneyimlerimizi herkes i\u00e7in ula\u015f\u0131labilir k\u0131lmak i\u00e7in yeni yollar yaratmaya karar verdik.<br><br>Herkesin ko\u015fulsuz bir evcil hayvan sevgisini hak etti\u011fine inan\u0131yoruz ve Pethway\u2019de misyonumuz bu sevgiyi deneyimlemeyi kolayla\u015ft\u0131rmakt\u0131r.<br><br><strong>Sevgiler, Pethway ekibi. \ud83d\udc99<\/strong><\/p><\/div><\/div><\/div>\n<\/div>\n<\/div><\/div>\n\n\n\n<div class=\"wp-block-uagb-container uagb-block-3c2b710f alignfull uagb-is-root-container\"><div class=\"uagb-container-inner-blocks-wrap\">\n<div class=\"wp-block-uagb-advanced-heading uagb-block-48c2f920\"><h1 class=\"uagb-heading-text\"><br>Evcil Hayvanlar Hakk\u0131nda<\/h1><p class=\"uagb-desc-text\"><br><br>Yeni ve ilham verici i\u00e7eriklerle dolu blog yaz\u0131lar\u0131m\u0131z\u0131 ke\u015ffetmeye ne dersiniz? Sizler i\u00e7in haz\u0131rlad\u0131\u011f\u0131m\u0131z en g\u00fcncel makaleler, hem bilgilendirici hem de keyifli bir okuma deneyimi sunuyor. Her hafta ilginizi \u00e7ekecek konularla kar\u015f\u0131n\u0131zda olaca\u011f\u0131z!<\/p><\/div>\n\n\n\n\t\t\t<div class=\"wp-block-uagb-post-grid uagb-post-grid  uagb-post__image-position-top uagb-post__image-enabled uagb-block-f59c426d     uagb-post__items uagb-post__columns-3 is-grid uagb-post__columns-tablet-2 uagb-post__columns-mobile-1 uagb-post__equal-height uagb-equal_height_inline-read-more-buttons\" data-total=\"33\" style=\"\">\n\n\t\t\t\t\t\t\t\t\t\t\t\t<article class=\"uagb-post__inner-wrap\">\t\t\t\t\t\t\t\t<div class='uagb-post__image'>\n\t\t\t\t\t\t\t\t\t<a href=\"https:\/\/pethway.com\/blog\/kopek-bakimi\/kopeklerde-obezite-belirtileri\/\" target=\"_self\" rel=\"bookmark noopener noreferrer\" class='uagb-image-ratio-2-3'><img decoding=\"async\" width=\"768\" height=\"432\" src=\"https:\/\/pethway.com\/blog\/wp-content\/uploads\/2025\/12\/kopeklerde-obezite-neden-olur-768x432.jpg\" class=\"attachment-medium_large size-medium_large\" alt=\"K\u00f6peklerde obezite nedenleri ve tedavisi\" srcset=\"https:\/\/pethway.com\/blog\/wp-content\/uploads\/2025\/12\/kopeklerde-obezite-neden-olur-768x432.jpg 768w, https:\/\/pethway.com\/blog\/wp-content\/uploads\/2025\/12\/kopeklerde-obezite-neden-olur-300x169.jpg 300w, https:\/\/pethway.com\/blog\/wp-content\/uploads\/2025\/12\/kopeklerde-obezite-neden-olur-1024x576.jpg 1024w, https:\/\/pethway.com\/blog\/wp-content\/uploads\/2025\/12\/kopeklerde-obezite-neden-olur-1536x864.jpg 1536w, https:\/\/pethway.com\/blog\/wp-content\/uploads\/2025\/12\/kopeklerde-obezite-neden-olur-2048x1152.jpg 2048w\" sizes=\"(max-width: 768px) 100vw, 768px\" title=\"\">\t\t\t\t\t<\/a>\n\t\t\t\t\t\t\t<\/div>\n\t\t\t\t\t\t\t<div class=\"uagb-post__text\">\n\t\t\t\t\t<span class='uagb-post__taxonomy default'>\n\t\t\t\t\t\t\t\t\t\t\t\t<a href=\"https:\/\/pethway.com\/blog\/category\/kopek-bakimi\/\">K\u00f6pekler<\/a>, &nbsp;<a href=\"https:\/\/pethway.com\/blog\/category\/evcil-hayvan-sagligi\/\">Sa\u011fl\u0131k<\/a>, &nbsp;<a href=\"https:\/\/pethway.com\/blog\/category\/yeni-evcil-hayvan\/\">Yeni Evcil Hayvan<\/a>\t\t\t\t\t<\/span>\n\t\t\t\t<\/div>\n\t\t\t\t\t\t\t<h4 class=\"uagb-post__title uagb-post__text\">\n\t\t\t\t<a href=\"https:\/\/pethway.com\/blog\/kopek-bakimi\/kopeklerde-obezite-belirtileri\/\" target=\"_self\" rel=\"bookmark noopener noreferrer\">K\u00f6peklerde Obezite: Belirtiler, Nedenler, Tedavi ve \u00d6nleme<\/a>\n\t\t\t<\/h4>\n\t\t\t\t\t\t<div class='uagb-post__text uagb-post-grid-byline'>\n\t\t\t\t\t\t\t\t<span class=\"uagb-post__author\">\n\t\t\t\t\t\t\t\t\t<a href=\"https:\/\/pethway.com\/blog\/author\/pethway\/\" title=\"Pethway Ekibi taraf\u0131ndan yaz\u0131lan yaz\u0131lar\" rel=\"author\">Pethway Ekibi<\/a>\t\t\t\t<\/span>\n\t\t\t\t\t\t\t<time datetime=\"2025-12-09T14:52:36+03:00\" class=\"uagb-post__date\">\n\t\t\t\t\t\t\t\t\t9 Aral\u0131k 2025\t\t\t\t<\/time>\n\t\t\t\t\t\t<\/div>\n\t\t\t\t\t\t\t<div class='uagb-post__text uagb-post__excerpt'>\n\t\t\t\t\t<p>K\u00f6peklerde obezite yaln\u0131zca estetik bir sorun de\u011fildir; ciddi sa\u011fl\u0131k riskleri ta\u015f\u0131yan bir metabolik hastal\u0131kt\u0131r. Fazla&#8230;\t\t\t\t<\/div>\n\t\t\t\t\t\t<div class=\"uagb-post__text uagb-post__cta wp-block-button\">\n\t\t\t\t<a class=\"wp-block-button__link uagb-text-link\" style=\"\" href=\"https:\/\/pethway.com\/blog\/kopek-bakimi\/kopeklerde-obezite-belirtileri\/\" target=\"_self\" rel=\"bookmark noopener noreferrer\">Devam\u0131n\u0131 Oku<\/a>\n\t\t\t<\/div>\n\t\t\t\n\t\t\t\t\t\t\t\t\t<\/article>\n\t\t\t\t\t\t\t\t\t\t\t\t\t\t\t\t<article class=\"uagb-post__inner-wrap\">\t\t\t\t\t\t\t\t<div class='uagb-post__image'>\n\t\t\t\t\t\t\t\t\t<a href=\"https:\/\/pethway.com\/blog\/kedi-bakimi\/cat-loaf-kedi-somun-pozu-nedir\/\" target=\"_self\" rel=\"bookmark noopener noreferrer\" class='uagb-image-ratio-2-3'><img decoding=\"async\" width=\"768\" height=\"432\" src=\"https:\/\/pethway.com\/blog\/wp-content\/uploads\/2025\/11\/cat-loaf-kedi-somun-pozu-nedir-ne-anlama-gelir-768x432.jpg\" class=\"attachment-medium_large size-medium_large\" alt=\"Cat Loaf - Kedi Somun Pozu nedir? Ne Anlama Gelir?\" srcset=\"https:\/\/pethway.com\/blog\/wp-content\/uploads\/2025\/11\/cat-loaf-kedi-somun-pozu-nedir-ne-anlama-gelir-768x432.jpg 768w, https:\/\/pethway.com\/blog\/wp-content\/uploads\/2025\/11\/cat-loaf-kedi-somun-pozu-nedir-ne-anlama-gelir-300x169.jpg 300w, https:\/\/pethway.com\/blog\/wp-content\/uploads\/2025\/11\/cat-loaf-kedi-somun-pozu-nedir-ne-anlama-gelir-1024x576.jpg 1024w, https:\/\/pethway.com\/blog\/wp-content\/uploads\/2025\/11\/cat-loaf-kedi-somun-pozu-nedir-ne-anlama-gelir-1536x864.jpg 1536w, https:\/\/pethway.com\/blog\/wp-content\/uploads\/2025\/11\/cat-loaf-kedi-somun-pozu-nedir-ne-anlama-gelir-2048x1152.jpg 2048w\" sizes=\"(max-width: 768px) 100vw, 768px\" title=\"\">\t\t\t\t\t<\/a>\n\t\t\t\t\t\t\t<\/div>\n\t\t\t\t\t\t\t<div class=\"uagb-post__text\">\n\t\t\t\t\t<span class='uagb-post__taxonomy default'>\n\t\t\t\t\t\t\t\t\t\t\t\t<a href=\"https:\/\/pethway.com\/blog\/category\/kedi-bakimi\/\">Kediler<\/a>, &nbsp;<a href=\"https:\/\/pethway.com\/blog\/category\/evcil-hayvan-arastirmalari\/\">Ara\u015ft\u0131rmalar<\/a>, &nbsp;<a href=\"https:\/\/pethway.com\/blog\/category\/kedi-ve-kopek-davranis-rehberi\/\">Davran\u0131\u015f<\/a>\t\t\t\t\t<\/span>\n\t\t\t\t<\/div>\n\t\t\t\t\t\t\t<h4 class=\"uagb-post__title uagb-post__text\">\n\t\t\t\t<a href=\"https:\/\/pethway.com\/blog\/kedi-bakimi\/cat-loaf-kedi-somun-pozu-nedir\/\" target=\"_self\" rel=\"bookmark noopener noreferrer\">Kediler Neden \u201cSomun (Loaf)\u201d Pozisyonu Al\u0131r? (Somun Ekmek Pozisyonu)<\/a>\n\t\t\t<\/h4>\n\t\t\t\t\t\t<div class='uagb-post__text uagb-post-grid-byline'>\n\t\t\t\t\t\t\t\t<span class=\"uagb-post__author\">\n\t\t\t\t\t\t\t\t\t<a href=\"https:\/\/pethway.com\/blog\/author\/pethway\/\" title=\"Pethway Ekibi taraf\u0131ndan yaz\u0131lan yaz\u0131lar\" rel=\"author\">Pethway Ekibi<\/a>\t\t\t\t<\/span>\n\t\t\t\t\t\t\t<time datetime=\"2025-11-12T09:42:09+03:00\" class=\"uagb-post__date\">\n\t\t\t\t\t\t\t\t\t12 Kas\u0131m 2025\t\t\t\t<\/time>\n\t\t\t\t\t\t<\/div>\n\t\t\t\t\t\t\t<div class='uagb-post__text uagb-post__excerpt'>\n\t\t\t\t\t<p>Kedilerin yaln\u0131zca \u201csevimli\u201d olduklar\u0131 i\u00e7in b\u00f6yle davrand\u0131\u011f\u0131n\u0131 d\u00fc\u015f\u00fcnmek cazip gelebilir. Ancak, kedilerin \u00f6n ve arka&#8230;\t\t\t\t<\/div>\n\t\t\t\t\t\t<div class=\"uagb-post__text uagb-post__cta wp-block-button\">\n\t\t\t\t<a class=\"wp-block-button__link uagb-text-link\" style=\"\" href=\"https:\/\/pethway.com\/blog\/kedi-bakimi\/cat-loaf-kedi-somun-pozu-nedir\/\" target=\"_self\" rel=\"bookmark noopener noreferrer\">Devam\u0131n\u0131 Oku<\/a>\n\t\t\t<\/div>\n\t\t\t\n\t\t\t\t\t\t\t\t\t<\/article>\n\t\t\t\t\t\t\t\t\t\t\t\t\t\t\t\t<article class=\"uagb-post__inner-wrap\">\t\t\t\t\t\t\t\t<div class='uagb-post__image'>\n\t\t\t\t\t\t\t\t\t<a href=\"https:\/\/pethway.com\/blog\/kopek-bakimi\/kopekler-utanir-mi\/\" target=\"_self\" rel=\"bookmark noopener noreferrer\" class='uagb-image-ratio-2-3'><img decoding=\"async\" width=\"768\" height=\"432\" src=\"https:\/\/pethway.com\/blog\/wp-content\/uploads\/2025\/11\/kopekler-utanir-mi-oyuncakla-etkilesim-768x432.jpg\" class=\"attachment-medium_large size-medium_large\" alt=\"K\u00f6pekler utan\u0131r m\u0131 sorusunu \u00e7a\u011fr\u0131\u015ft\u0131ran, bir k\u00f6pe\u011fin k\u00fc\u00e7\u00fck oyuncak fig\u00fcre dikkatle bakt\u0131\u011f\u0131 duygu dolu an.\" srcset=\"https:\/\/pethway.com\/blog\/wp-content\/uploads\/2025\/11\/kopekler-utanir-mi-oyuncakla-etkilesim-768x432.jpg 768w, https:\/\/pethway.com\/blog\/wp-content\/uploads\/2025\/11\/kopekler-utanir-mi-oyuncakla-etkilesim-300x169.jpg 300w, https:\/\/pethway.com\/blog\/wp-content\/uploads\/2025\/11\/kopekler-utanir-mi-oyuncakla-etkilesim-1024x576.jpg 1024w, https:\/\/pethway.com\/blog\/wp-content\/uploads\/2025\/11\/kopekler-utanir-mi-oyuncakla-etkilesim-1536x864.jpg 1536w, https:\/\/pethway.com\/blog\/wp-content\/uploads\/2025\/11\/kopekler-utanir-mi-oyuncakla-etkilesim-2048x1152.jpg 2048w\" sizes=\"(max-width: 768px) 100vw, 768px\" title=\"\">\t\t\t\t\t<\/a>\n\t\t\t\t\t\t\t<\/div>\n\t\t\t\t\t\t\t<div class=\"uagb-post__text\">\n\t\t\t\t\t<span class='uagb-post__taxonomy default'>\n\t\t\t\t\t\t\t\t\t\t\t\t<a href=\"https:\/\/pethway.com\/blog\/category\/kopek-bakimi\/\">K\u00f6pekler<\/a>, &nbsp;<a href=\"https:\/\/pethway.com\/blog\/category\/evcil-hayvan-arastirmalari\/\">Ara\u015ft\u0131rmalar<\/a>, &nbsp;<a href=\"https:\/\/pethway.com\/blog\/category\/kedi-ve-kopek-davranis-rehberi\/\">Davran\u0131\u015f<\/a>\t\t\t\t\t<\/span>\n\t\t\t\t<\/div>\n\t\t\t\t\t\t\t<h4 class=\"uagb-post__title uagb-post__text\">\n\t\t\t\t<a href=\"https:\/\/pethway.com\/blog\/kopek-bakimi\/kopekler-utanir-mi\/\" target=\"_self\" rel=\"bookmark noopener noreferrer\">K\u00f6pekler Utan\u0131r m\u0131? Bilim Ne Diyor, Biz Ne G\u00f6r\u00fcyoruz?<\/a>\n\t\t\t<\/h4>\n\t\t\t\t\t\t<div class='uagb-post__text uagb-post-grid-byline'>\n\t\t\t\t\t\t\t\t<span class=\"uagb-post__author\">\n\t\t\t\t\t\t\t\t\t<a href=\"https:\/\/pethway.com\/blog\/author\/pethway\/\" title=\"Pethway Ekibi taraf\u0131ndan yaz\u0131lan yaz\u0131lar\" rel=\"author\">Pethway Ekibi<\/a>\t\t\t\t<\/span>\n\t\t\t\t\t\t\t<time datetime=\"2025-11-02T16:54:57+03:00\" class=\"uagb-post__date\">\n\t\t\t\t\t\t\t\t\t2 Kas\u0131m 2025\t\t\t\t<\/time>\n\t\t\t\t\t\t<\/div>\n\t\t\t\t\t\t\t<div class='uagb-post__text uagb-post__excerpt'>\n\t\t\t\t\t<p>K\u00f6peklerle ya\u015fayan herkes bilir:Bazen bir \u015fey k\u0131rd\u0131klar\u0131nda, tuvalet e\u011fitimi s\u0131ras\u0131nda hata yapt\u0131klar\u0131nda ya da masadan&#8230;\t\t\t\t<\/div>\n\t\t\t\t\t\t<div class=\"uagb-post__text uagb-post__cta wp-block-button\">\n\t\t\t\t<a class=\"wp-block-button__link uagb-text-link\" style=\"\" href=\"https:\/\/pethway.com\/blog\/kopek-bakimi\/kopekler-utanir-mi\/\" target=\"_self\" rel=\"bookmark noopener noreferrer\">Devam\u0131n\u0131 Oku<\/a>\n\t\t\t<\/div>\n\t\t\t\n\t\t\t\t\t\t\t\t\t<\/article>\n\t\t\t\t\t\t\t\t\t\t\t<\/div>\n\t\t\t<\/div><\/div>\n\n\n\n<div class=\"wp-block-uagb-container uagb-block-89be074d alignfull uagb-is-root-container\">\n<div class=\"wp-block-uagb-advanced-heading uagb-block-910e4e22\"><h2 class=\"uagb-heading-text\">Blog Kategorileri<\/h2><p class=\"uagb-desc-text\"><br>\u0130lginizi \u00e7eken konular\u0131 kolayca bulabilmeniz i\u00e7in blogumuzu farkl\u0131 kategorilere ay\u0131rd\u0131k. <br>Her kategori, sizler i\u00e7in \u00f6zenle se\u00e7ilmi\u015f i\u00e7eriklerle dolu. \u0130ster ilham veren hikayeleri, ister pratik ipu\u00e7lar\u0131n\u0131, ister g\u00fcncel haberleri ke\u015ffetmek isteyin, burada size hitap edecek bir \u015fey mutlaka bulacaks\u0131n\u0131z.<\/p><\/div>\n\n\n\n<div class=\"wp-block-uagb-container uagb-layout-flex uagb-block-2dacec1d\">\n<div class=\"wp-block-uagb-container uagb-block-556d0dff\">\n<div class=\"wp-block-uagb-advanced-heading uagb-block-4d2da12e\"><h3 class=\"uagb-heading-text\">K\u00f6pekler<\/h3><\/div>\n\n\n\n<p><\/p>\n<a class=\"spectra-container-link-overlay\" rel=\"noopener\" href=\"https:\/\/pethway.com\/blog\/category\/kopek-bakimi\/\"> <\/a><\/div>\n\n\n\n<div class=\"wp-block-uagb-container uagb-block-66cc54b3\">\n<div class=\"wp-block-uagb-advanced-heading uagb-block-00707f58\"><h3 class=\"uagb-heading-text\">Kediler<\/h3><\/div>\n\n\n\n<p><\/p>\n<a class=\"spectra-container-link-overlay\" rel=\"noopener\" href=\"https:\/\/pethway.com\/blog\/category\/kedi-bakimi\/\"> <\/a><\/div>\n\n\n\n<div class=\"wp-block-uagb-container uagb-block-6f763507\">\n<div class=\"wp-block-uagb-advanced-heading uagb-block-0b8f2caa\"><h3 class=\"uagb-heading-text\">Davran\u0131\u015f<\/h3><\/div>\n\n\n\n<p><\/p>\n<a class=\"spectra-container-link-overlay\" rel=\"noopener\" href=\"https:\/\/pethway.com\/blog\/category\/kedi-ve-kopek-davranis-rehberi\/\"> <\/a><\/div>\n<\/div>\n\n\n\n<div class=\"wp-block-uagb-container uagb-layout-flex uagb-block-9a9ffce2 alignfull uagb-is-root-container\">\n<div class=\"wp-block-uagb-container uagb-block-8ec7f9c7\">\n<div class=\"wp-block-uagb-advanced-heading uagb-block-ffee9702\"><h3 class=\"uagb-heading-text\">Sa\u011fl\u0131k<\/h3><\/div>\n\n\n\n<p><\/p>\n<a class=\"spectra-container-link-overlay\" rel=\"noopener\" href=\"https:\/\/pethway.com\/blog\/category\/evcil-hayvan-sagligi\/\"> <\/a><\/div>\n\n\n\n<div class=\"wp-block-uagb-container uagb-block-49e4bd0a\">\n<div class=\"wp-block-uagb-advanced-heading uagb-block-2c61ed1f\"><h3 class=\"uagb-heading-text\">Yeni Evcil Hayvan<\/h3><\/div>\n<a class=\"spectra-container-link-overlay\" rel=\"noopener\" href=\"https:\/\/pethway.com\/blog\/category\/yeni-evcil-hayvan\/\"> <\/a><\/div>\n\n\n\n<div class=\"wp-block-uagb-container uagb-block-d433dcc9\">\n<div class=\"wp-block-uagb-advanced-heading uagb-block-6197fa2f\"><h3 class=\"uagb-heading-text\">Evcil Hayvan Efsaneleri<\/h3><\/div>\n<a class=\"spectra-container-link-overlay\" rel=\"noopener\" href=\"https:\/\/pethway.com\/blog\/category\/evcil-hayvan-efsaneleri\/\"> <\/a><\/div>\n<\/div>\n\n\n\n<div class=\"wp-block-uagb-container uagb-layout-flex uagb-block-f77dce3c alignfull uagb-is-root-container\">\n<div class=\"wp-block-uagb-container uagb-block-f28bb445\">\n<div class=\"wp-block-uagb-advanced-heading uagb-block-9ea23860\"><h3 class=\"uagb-heading-text\">Ara\u015ft\u0131rmalar<\/h3><\/div>\n\n\n\n<p><\/p>\n<a class=\"spectra-container-link-overlay\" rel=\"noopener\" href=\"https:\/\/pethway.com\/blog\/category\/evcil-hayvan-arastirmalari\/\"> <\/a><\/div>\n\n\n\n<div class=\"wp-block-uagb-container uagb-block-c0f9c23b\">\n<div class=\"wp-block-uagb-advanced-heading uagb-block-e833b0d6\"><h3 class=\"uagb-heading-text\">G\u00fcvenlik<\/h3><\/div>\n\n\n\n<p><\/p>\n<a class=\"spectra-container-link-overlay\" rel=\"noopener\" href=\"https:\/\/pethway.com\/blog\/category\/evcil-hayvan-guvenligi\/\"> <\/a><\/div>\n\n\n\n<div class=\"wp-block-uagb-container uagb-block-fcc55cff\">\n<div class=\"wp-block-uagb-advanced-heading uagb-block-8a2aa155\"><h3 class=\"uagb-heading-text\">Etkinlikler<\/h3><\/div>\n\n\n\n<p><\/p>\n<a class=\"spectra-container-link-overlay\" rel=\"noopener\" href=\"https:\/\/pethway.com\/blog\/category\/evcil-hayvan-etkinlikleri\/\"> <\/a><\/div>\n<\/div>\n<\/div>\n","protected":false},"excerpt":{"rendered":"<p>Evcil Hayvanlar Hakk\u0131nda Yeni ve ilham verici i\u00e7eriklerle dolu blog yaz\u0131lar\u0131m\u0131z\u0131 ke\u015ffetmeye ne dersiniz? Sizler i\u00e7in haz\u0131rlad\u0131\u011f\u0131m\u0131z en g\u00fcncel makaleler, hem bilgilendirici hem de keyifli bir okuma deneyimi sunuyor. Her hafta ilginizi \u00e7ekecek konularla kar\u015f\u0131n\u0131zda olaca\u011f\u0131z! Blog Kategorileri \u0130lginizi \u00e7eken konular\u0131 kolayca bulabilmeniz i\u00e7in blogumuzu farkl\u0131 kategorilere ay\u0131rd\u0131k. Her kategori, sizler i\u00e7in \u00f6zenle se\u00e7ilmi\u015f i\u00e7eriklerle [&hellip;]<\/p>\n","protected":false},"author":1,"featured_media":0,"parent":0,"menu_order":0,"comment_status":"closed","ping_status":"closed","template":"","meta":{"_uag_custom_page_level_css":"","site-sidebar-layout":"no-sidebar","site-content-layout":"plain-container","ast-site-content-layout":"normal-width-container","site-content-style":"unboxed","site-sidebar-style":"unboxed","ast-global-header-display":"","ast-banner-title-visibility":"","ast-main-header-display":"","ast-hfb-above-header-display":"","ast-hfb-below-header-display":"","ast-hfb-mobile-header-display":"","site-post-title":"disabled","ast-breadcrumbs-content":"","ast-featured-img":"disabled","footer-sml-layout":"","ast-disable-related-posts":"","theme-transparent-header-meta":"default","adv-header-id-meta":"","stick-header-meta":"","header-above-stick-meta":"","header-main-stick-meta":"","header-below-stick-meta":"","astra-migrate-meta-layouts":"set","ast-page-background-enabled":"default","ast-page-background-meta":{"desktop":{"background-color":"","background-image":"","background-repeat":"repeat","background-position":"center center","background-size":"auto","background-attachment":"scroll","background-type":"","background-media":"","overlay-type":"","overlay-color":"","overlay-opacity":"","overlay-gradient":""},"tablet":{"background-color":"","background-image":"","background-repeat":"repeat","background-position":"center center","background-size":"auto","background-attachment":"scroll","background-type":"","background-media":"","overlay-type":"","overlay-color":"","overlay-opacity":"","overlay-gradient":""},"mobile":{"background-color":"","background-image":"","background-repeat":"repeat","background-position":"center center","background-size":"auto","background-attachment":"scroll","background-type":"","background-media":"","overlay-type":"","overlay-color":"","overlay-opacity":"","overlay-gradient":""}},"ast-content-background-meta":{"desktop":{"background-color":"var(--ast-global-color-5)","background-image":"","background-repeat":"repeat","background-position":"center center","background-size":"auto","background-attachment":"scroll","background-type":"","background-media":"","overlay-type":"","overlay-color":"","overlay-opacity":"","overlay-gradient":""},"tablet":{"background-color":"var(--ast-global-color-5)","background-image":"","background-repeat":"repeat","background-position":"center center","background-size":"auto","background-attachment":"scroll","background-type":"","background-media":"","overlay-type":"","overlay-color":"","overlay-opacity":"","overlay-gradient":""},"mobile":{"background-color":"var(--ast-global-color-5)","background-image":"","background-repeat":"repeat","background-position":"center center","background-size":"auto","background-attachment":"scroll","background-type":"","background-media":"","overlay-type":"","overlay-color":"","overlay-opacity":"","overlay-gradient":""}},"footnotes":""},"class_list":["post-1718","page","type-page","status-publish","hentry"],"uagb_featured_image_src":{"full":false,"thumbnail":false,"medium":false,"medium_large":false,"large":false,"1536x1536":false,"2048x2048":false},"uagb_author_info":{"display_name":"Pethway Ekibi","author_link":"https:\/\/pethway.com\/blog\/author\/muraterdoan\/"},"uagb_comment_info":0,"uagb_excerpt":"Evcil Hayvanlar Hakk\u0131nda Yeni ve ilham verici i\u00e7eriklerle dolu blog yaz\u0131lar\u0131m\u0131z\u0131 ke\u015ffetmeye ne dersiniz? Sizler i\u00e7in haz\u0131rlad\u0131\u011f\u0131m\u0131z en g\u00fcncel makaleler, hem bilgilendirici hem de keyifli bir okuma deneyimi sunuyor. Her hafta ilginizi \u00e7ekecek konularla kar\u015f\u0131n\u0131zda olaca\u011f\u0131z! Blog Kategorileri \u0130lginizi \u00e7eken konular\u0131 kolayca bulabilmeniz i\u00e7in blogumuzu farkl\u0131 kategorilere ay\u0131rd\u0131k. Her kategori, sizler i\u00e7in \u00f6zenle se\u00e7ilmi\u015f i\u00e7eriklerle&hellip;","_links":{"self":[{"href":"https:\/\/pethway.com\/blog\/wp-json\/wp\/v2\/pages\/1718","targetHints":{"allow":["GET"]}}],"collection":[{"href":"https:\/\/pethway.com\/blog\/wp-json\/wp\/v2\/pages"}],"about":[{"href":"https:\/\/pethway.com\/blog\/wp-json\/wp\/v2\/types\/page"}],"author":[{"embeddable":true,"href":"https:\/\/pethway.com\/blog\/wp-json\/wp\/v2\/users\/1"}],"replies":[{"embeddable":true,"href":"https:\/\/pethway.com\/blog\/wp-json\/wp\/v2\/comments?post=1718"}],"version-history":[{"count":0,"href":"https:\/\/pethway.com\/blog\/wp-json\/wp\/v2\/pages\/1718\/revisions"}],"wp:attachment":[{"href":"https:\/\/pethway.com\/blog\/wp-json\/wp\/v2\/media?parent=1718"}],"curies":[{"name":"wp","href":"https:\/\/api.w.org\/{rel}","templated":true}]}}